{"id":9,"date":"2016-05-06T16:04:52","date_gmt":"2016-05-06T14:04:52","guid":{"rendered":"http:\/\/www.arbeitsbekleidung24.net\/?page_id=9"},"modified":"2017-01-03T17:57:41","modified_gmt":"2017-01-03T16:57:41","slug":"arbeitskleidung-arbeitshandschuhe-werkzeuge-co","status":"publish","type":"page","link":"https:\/\/www.arbeitsbekleidung24.net\/index.php\/arbeitskleidung-arbeitshandschuhe-werkzeuge-co\/","title":{"rendered":"Arbeitskleidung, Arbeitshandschuhe, Werkzeuge &#038; Co."},"content":{"rendered":"<p><img loading=\"lazy\" class=\"alignright size-medium wp-image-52\" src=\"http:\/\/www.arbeitsbekleidung24.net\/wp-content\/uploads\/2016\/05\/blue-goat1-237x300.jpg\" alt=\"\" width=\"237\" height=\"300\" srcset=\"https:\/\/www.arbeitsbekleidung24.net\/wp-content\/uploads\/2016\/05\/blue-goat1-237x300.jpg 237w, https:\/\/www.arbeitsbekleidung24.net\/wp-content\/uploads\/2016\/05\/blue-goat1.jpg 296w\" sizes=\"(max-width: 237px) 100vw, 237px\" \/>Hier finden Sie hochwertige Bekleidung, die Ihnen Arbeitsschutz, Komfort und Robustheit garantiert, aber auch Bed\u00fcrfnisse an Werkzeugen und Industriebedarf decken wir. Besondere Bed\u00fcrfnisse an Arbeitshandschuhe werden durch uns erf\u00fcllt, sei es die Langlebigkeit, der Materialwunsch oder das n\u00f6tige Fingerspitzengef\u00fchl in den Handschuhen.<\/p>\n<p>F\u00fcr M\u00e4nner und Frauen <strong>aus zahlreichen T\u00e4tigkeitsfeldern<\/strong> wie zum Beispiel der <strong>KFZ-Mechatronik, Industrie- und Produktionsbetriebe, st\u00e4dtischen Arbeit, medizinischen Bereiche, Handwerksbetriebe<\/strong> und viele weitere. Bei uns finden sie Arbeitsbekleidung und insbesondere Arbeitshandschuhe f\u00fcr s\u00e4mtliche Branchen, das hei\u00dft vom Klempner bis zum Arzt wird hier jeder f\u00fcndig.<\/p>\n<p>Neben ausgezeichneten Konditionen bieten wir Ihnen individuelle und ausf\u00fchrliche Beratungen an. Unsere St\u00e4rke liegt im nahen Umgang mit dem Kunden. Wir bieten regionalen Bestellern rund um Neuenrade die M\u00f6glichkeit unsere Produkte vor der Bestellung auszuprobieren, anzufassen und zu begutachten, denn wir statten Ihnen Besuche ab. Es ist sehr viel beruhigender zu wissen was man kauft, als bei unbekannten Firmen Bestellungen vorzunehmen in der Hoffnung gute Qualit\u00e4tsware zu erwerben. Bei dem Besuch stellen wir Ihnen nicht nur die M\u00f6glichkeit der Produktn\u00e4he zur Verf\u00fcgung sondern auch die pers\u00f6nliche Beratung Ihrer Bed\u00fcrfnisse.<\/p>\n<p>Der Arbeitsschutz steht bei der Bekleidung an erster Stelle, denn die Sicherheit am Arbeitsplatz f\u00fcr den einzelnen ist uns wichtig. Oft stellt die Bestellungen von nicht genormten Produkten ein Risiko dar, denn jeder Hersteller verarbeitet seine Waren anders, das gilt besonders f\u00fcr Arbeitshandschuhe. Doch neben unserer gro\u00dfen Bandbreite an Angeboten legen wir auch Wert auf die Qualit\u00e4t der einzelnen Produkte. Davon k\u00f6nnen Sie sich pers\u00f6nlich mittels der Kundenbesuche \u00fcberzeugen.<\/p>\n<p>Meist wird f\u00fcr Qualit\u00e4tsware ein \u00fcberdurchschnittlich hoher Preis angesetzt und die Sicherheit Ihrer Mitarbeiter wird dadurch teurer und eventuell in Mitleidenschaft gezogen. Das muss nicht sein, denn <strong>bei uns wird auf ein gutes Preis-\/Leistungsverh\u00e4ltnis geachtet<\/strong>, sodass Sie sich nicht um die Unwirtschaftlichkeit in Bezug auf Arbeitsschutz sorgen m\u00fcssen.<\/p>\n<p><img loading=\"lazy\" class=\"alignleft size-medium wp-image-53\" src=\"http:\/\/www.arbeitsbekleidung24.net\/wp-content\/uploads\/2016\/05\/eko-hornet1-171x300.jpg\" alt=\"\" width=\"171\" height=\"300\" srcset=\"https:\/\/www.arbeitsbekleidung24.net\/wp-content\/uploads\/2016\/05\/eko-hornet1-171x300.jpg 171w, https:\/\/www.arbeitsbekleidung24.net\/wp-content\/uploads\/2016\/05\/eko-hornet1.jpg 395w\" sizes=\"(max-width: 171px) 100vw, 171px\" \/>Eine besondere Spezialit\u00e4t stellen bei uns die Arbeitshandschuhe dar, denn bei fast jeder T\u00e4tigkeit sind die H\u00e4nde ein unabdingbares Werkzeug und sind h\u00f6chst sch\u00fctzenswert. Damit Ihre Mitarbeiter keine Angst vor Besch\u00e4digungen haben m\u00fcssen ist es n\u00f6tig ihnen ein Gef\u00fchl der Sicherheit zu vermitteln, nicht zuletzt durch die Arbeitsbekleidung. Durch das Angebot von <strong>\u00fcber 50 verschiedenen Produkten aus der Kategorie &#8220;Arbeitshandschuhe&#8221;<\/strong> bieten wir Ihnen verschiedenste Variationen von Arbeitshandschuhen, damit auch der kleinste Wunsch nicht untergehen soll. So gibt es von d\u00fcnnen Haushaltshandschuhen bis dicken Arbeitshandschuhen eine breitgef\u00e4cherte Auswahl an Produkten verschiedenster Art. Auch die besonderen Anspr\u00fcche bez\u00fcglich der Beschichtung einzelner Arbeitshandschuhe, beispielsweise Nitril- oder Latex-Beschichtung, bestimmter Gr\u00f6\u00dfen und Verarbeitungen werden gedeckt.<\/p>\n<p>Wir bieten Ihnen die Bestellung gro\u00dfer und kleinerer Mengen zu lukrativen Preisen. Unser Sortiment beschr\u00e4nkt sich nicht auf die \u00fcblichen Gr\u00f6\u00dfen, auch besondere Ma\u00dfe werden ber\u00fccksichtigt um den Schutz bei der Arbeit zu wahren.<\/p>\n<p>Neben unserer Auswahl an Bekleidung bieten wir auch Werkzeuge und \u00e4hnliche Industrieartikel an, damit es Ihnen und Ihren Mitarbeitern nicht an essentiellen Ressourcen mangelt. Dabei finden Betriebe jeder Art die Produkte, die sie ben\u00f6tigen, bei uns auf der Website. Vom B\u00fcro bis zur G\u00e4rtnerei \u00fcber die Mechanik bis hin zu einzelnen Betriebst\u00e4tigkeiten, unser Team bietet Ihnen eine ausf\u00fchrliche Beratung und Beantwortung Ihrer Fragen unter Ber\u00fccksichtigung der besonderen Erfordernisse. Durch die gro\u00dfe Bandbreite an Artikeln k\u00f6nnen Sie sich auf uns als Vertrauenspartner in Sachen Berufsbekleidung, Arbeitsschutz, Industriebedarf und Werkzeugen verlassen.<\/p>\n","protected":false},"excerpt":{"rendered":"<p>Hier finden Sie hochwertige Bekleidung, die Ihnen Arbeitsschutz, Komfort und Robustheit garantiert, aber auch Bed\u00fcrfnisse an Werkzeugen und Industriebedarf decken wir. Besondere Bed\u00fcrfnisse an Arbeitshandschuhe werden durch uns erf\u00fcllt, sei es die Langlebigkeit, der Materialwunsch oder das n\u00f6tige Fingerspitzengef\u00fchl in den Handschuhen. F\u00fcr M\u00e4nner und Frauen aus zahlreichen T\u00e4tigkeitsfeldern wie zum Beispiel der KFZ-Mechatronik, Industrie-<a class=\"moretag\" href=\"https:\/\/www.arbeitsbekleidung24.net\/index.php\/arbeitskleidung-arbeitshandschuhe-werkzeuge-co\/\"><span class=\"screen-reader-text\">Read more about Arbeitskleidung, Arbeitshandschuhe, Werkzeuge &#038; Co.<\/span>[&#8230;]<\/a><\/p>\n","protected":false},"author":1,"featured_media":0,"parent":0,"menu_order":0,"comment_status":"closed","ping_status":"closed","template":"","meta":[],"_links":{"self":[{"href":"https:\/\/www.arbeitsbekleidung24.net\/index.php\/wp-json\/wp\/v2\/pages\/9"}],"collection":[{"href":"https:\/\/www.arbeitsbekleidung24.net\/index.php\/wp-json\/wp\/v2\/pages"}],"about":[{"href":"https:\/\/www.arbeitsbekleidung24.net\/index.php\/wp-json\/wp\/v2\/types\/page"}],"author":[{"embeddable":true,"href":"https:\/\/www.arbeitsbekleidung24.net\/index.php\/wp-json\/wp\/v2\/users\/1"}],"replies":[{"embeddable":true,"href":"https:\/\/www.arbeitsbekleidung24.net\/index.php\/wp-json\/wp\/v2\/comments?post=9"}],"version-history":[{"count":5,"href":"https:\/\/www.arbeitsbekleidung24.net\/index.php\/wp-json\/wp\/v2\/pages\/9\/revisions"}],"predecessor-version":[{"id":56,"href":"https:\/\/www.arbeitsbekleidung24.net\/index.php\/wp-json\/wp\/v2\/pages\/9\/revisions\/56"}],"wp:attachment":[{"href":"https:\/\/www.arbeitsbekleidung24.net\/index.php\/wp-json\/wp\/v2\/media?parent=9"}],"curies":[{"name":"wp","href":"https:\/\/api.w.org\/{rel}","templated":true}]}}